{"id":689,"date":"2021-04-06T18:31:06","date_gmt":"2021-04-06T16:31:06","guid":{"rendered":"https:\/\/sandbox.vivaomundodigital.com.br\/adpolice\/?page_id=689"},"modified":"2023-06-09T05:54:42","modified_gmt":"2023-06-09T08:54:42","slug":"ad-hijacking","status":"publish","type":"page","link":"https:\/\/www.adpolice.com\/de\/knowledge\/ad-hijacking\/","title":{"rendered":"Ad Hijacking"},"content":{"rendered":"<h4 class=\"bold\">&#8222;Ad Hijacking&#8220; &#8211; erkl\u00e4rt von Daniel Karlovi\u0107, CEO AdPolice<\/h4>\n<p><div class=\"iframe-container\"><iframe loading=\"lazy\" class=\"video\" src=\"\/\/www.youtube.com\/embed\/SKUaCzfGPtI?rel=0\" width=\"560\" height=\"315\" frameborder=\"0\" allowfullscreen=\"allowfullscreen\"><\/iframe><\/div><\/p>\n<p class=\"font17\">Quelle: <a href=\"\/\/www.youtube.com\/channel\/UCPSWN6eiXI8BjPWbOtARjig\" target=\"_blank\" rel=\"noopener\">ONLINEMARKETING.DE @ YouTube<\/a><\/p>\n<p>&nbsp;<\/p>\n<h3 class=\"bold\" style=\"text-align: justify;\">Auf diese Weise werden Sie von Affiliate-Partnern betrogen Ohne dass Sie es \u00fcberhaupt bemerken<\/h3>\n<p class=\"font21\" style=\"text-align: justify;\">Es gibt eine Dunkelziffer von Affiliates, die ihre Partnerschaft missbrauchen. Sie f\u00fchren Kunden in die Irre, die urspr\u00fcnglich nach Ihrer Marke gesucht haben, indem sie Ihr Brand-Keyword oder sogar eine exakte Kopie Ihrer Anzeige verwenden. Diese besondere Art des Brand Bidding wird Ad-Hijacking genannt. Die Tricks der Affiliates sind heute so weit entwickelt, dass Sie als Markeninhaber oder sogar Affiliate-Manager beinahe keine Chance haben, den Betrug zu erkennen.<\/p>\n<h3 class=\"bold\" style=\"text-align: justify;\">Wie funktioniert Ad-Hijacking?<\/h3>\n<p class=\"font21\" style=\"text-align: justify;\">Der Affiliate-Partner platziert eine exakte Kopie Ihrer Anzeige und \u00fcberbietet Ihren Bidding Preis nur um ein paar Cent. Die Konsequenz davon ist, dass die originale Anzeige in den Suchergebnissen von Google verschwindet, da Google nur eine Anzeige mit einer bestimmten Display-Url anzeigt. Der Affiliate \u00fcberbietet Sie. \u2028Alle Kunden, die nach Ihrem Brand-Keyword suchen, werden nun auf die gekaperte Anzeige klicken und \u00fcber die Kan\u00e4le Ihres Affiliate-Partners geleitet. Ihre eigenen Ad-Impressionen verschwinden.<\/p>\n<p class=\"font21\" style=\"text-align: justify;\">Das Ergebnis ist, dass Sie am Ende eine ungerechtfertigte Provision f\u00fcr Kunden zahlen, die Ihre h\u00e4tten sein k\u00f6nnen. Ihre Gewinnspanne sinkt deutlich. Sie verlieren Geld, ohne sich dessen \u00fcberhaupt bewusst zu sein.<\/p>\n<h3 class=\"bold\" style=\"text-align: justify;\">Warum ist es beinahe unm\u00f6glich, den Betrug festzustellen \u2013 und das sogar f\u00fcr Affiliate-Manager?<\/h3>\n<p class=\"font21\" style=\"text-align: justify;\">Als wir AdPolice 2008 gegr\u00fcndet haben, waren die Affiliate-Betr\u00fcger noch recht unerfahren und hinterlie\u00dfen zumindest ein paar Spuren, die von Markeninhabern oder Affiliate-Managern entdeckt werden konnten.<\/p>\n<p style=\"text-align: justify;\"><img loading=\"lazy\" decoding=\"async\" class=\"wp-image-3316 alignright\" style=\"text-align: justify;\" src=\"https:\/\/www.adpolice.com\/wp-content\/uploads\/2022\/06\/hijacking_crop.jpeg\" alt=\"\" width=\"463\" height=\"138\" srcset=\"https:\/\/www.adpolice.com\/wp-content\/uploads\/2022\/06\/hijacking_crop.jpeg 839w, https:\/\/www.adpolice.com\/wp-content\/uploads\/2022\/06\/hijacking_crop-300x89.jpeg 300w, https:\/\/www.adpolice.com\/wp-content\/uploads\/2022\/06\/hijacking_crop-768x229.jpeg 768w\" sizes=\"auto, (max-width: 463px) 100vw, 463px\" \/><\/p>\n<div style=\"margin-left: 40px; text-align: justify;\"><\/div>\n<p style=\"text-align: justify;\"><span style=\"text-align: justify;\">Doch heute gehen Affiliates deutlichausgefeilter und hochspezialisiert vor \u2013 und dementsprechend gilt das auch f\u00fcr ihre Betr\u00fcgereien. Grunds\u00e4tzlich gibt es nur zwei kleinere Anzeichen, an denen Sie einen Affiliate-Betrug erkennen k\u00f6nnten.<\/span><\/p>\n<div style=\"margin-left: 40px; text-align: justify;\">\n<p style=\"text-align: start;\"><strong><span style=\"text-align: justify;\">1. Sind Ihre Ad-Impressionen ohne ersichtlichen Grund gesunken?<\/span><\/strong><\/p>\n<p class=\"font21\">Wenn eine Kopie Ihre urspr\u00fcngliche Anzeige ersetzt hat, werden Ihre Impressionen sinken oder sogar verschwinden. Daher kann eine ungew\u00f6hnliche Abnahme der Impressionen bei Google Analytics ein Anzeichen f\u00fcr einen Betrug sein. Ungl\u00fccklicherweise haben die Affiliates gelernt, dass es schlauer ist, keinen gro\u00dfen Einfluss zu nehmen und alle Impressionen zu stehlen, sondern nur viele kleine Anteile hier und da. Auf diese Weise k\u00f6nnen sie unter dem Radar stehlen. In Summe ergibt dies jedoch einen enormen Profit.<\/p>\n<h4 class=\"bold\">2. Gab es irgendwelche ungew\u00f6hnlich hohen Verk\u00e4ufe von bestimmten Affiliates?<\/h4>\n<p class=\"font21\">Deutliche Erh\u00f6hungen der Konversionsraten Ihrer Affiliates k\u00f6nnen ebenfalls ein Anzeichen f\u00fcr Affiliate-Betrug sein, vor allem, wenn die Kurve beispielsweise nachts oder an Wochenenden ungew\u00f6hnliche Spitzen aufweist. Affiliates nutzen oft Zeiten, in denen niemand im B\u00fcro anzutreffen ist. Aber auch hier haben die Affiliates mit den Jahren Erfahrung gesammelt und stehlen nur einen kleinen Anteil ihrer Verk\u00e4ufe durch Affiliate-Betrug. Der Gro\u00dfteil der Einnahmen wird in der Regel legal generiert. Auf diese Weise ist die Wahrscheinlichkeit geringer, dass sie dabei ertappt werden.<\/p>\n<\/div>\n<h3 class=\"bold\" style=\"text-align: justify;\">Die erfolgreichsten Techniken, mit denen Affiliate-Betr\u00fcger sich tarnen<\/h3>\n<p class=\"font21\" style=\"text-align: justify;\">Es gibt viele verschiedene Mittel, die den Affiliate-Betr\u00fcgern helfen, verborgen zu bleiben. Das Schlimmste daran ist, dass sie in den meisten F\u00e4llen verschiedene Techniken gleichzeitig kombinieren. Das macht es f\u00fcr einen Nichtfachmann beinahe unm\u00f6glich, den Betrug aufzudecken.<\/p>\n<h4 class=\"bold\" style=\"text-align: justify;\">Geo-Targeting<\/h4>\n<p class=\"font21\" style=\"text-align: justify;\">Affiliates platzieren ihre illegitimen Anzeigen beinahe \u00fcberall, au\u00dfer im Bereich des Markeninhabers oder dem Bereich der Online-Marketing-Agentur. Dadurch bleibt der Betrug f\u00fcr den Markeninhaber oder den Affiliate-Manager unsichtbar.<\/p>\n<h4 class=\"bold\" style=\"text-align: justify;\">Vor\u00fcbergehende Beschr\u00e4nkung<\/h4>\n<p class=\"font21\" style=\"text-align: justify;\">Illegitime Anzeigen werden nur nachts oder am Wochenende angezeigt, wenn es weniger wahrscheinlich ist, dass der Markeninhaber und die Online-Marketing-Agentur den Betrug bemerken.<\/p>\n<h4 class=\"bold\" style=\"text-align: justify;\">Schreibfehler<\/h4>\n<p class=\"font21\" style=\"text-align: justify;\">Tippfehler sind ein h\u00e4ufiger Fehler von Internetnutzern und eine willkommene Technik f\u00fcr Affiliates, um Ihr (falsch geschriebenes) Brand-Keyword in illegitimen Anzeigen zu verwenden, ohne dabei erwischt zu werden. Und dennoch stehlen sie dadurch Ihren Traffic und streichen Ihre Provision ein.<\/p>\n<h4 class=\"bold\" style=\"text-align: justify;\">Kleinere Suchmaschinen<\/h4>\n<p class=\"font21\" style=\"text-align: justify;\">Nat\u00fcrlich ist Google weltweit die wichtigste Suchmaschine. Deshalb konzentrieren sich Marken fast ausschlie\u00dflich auf Google. Ihre Affiliate-Partner tun das jedoch nicht. Vor allem hinsichtlich Affiliate-Betrug sind kleinere Suchmaschinen wie Yahoo, Ask, Bing und AOL oder ausl\u00e4ndische Suchmaschinen wie Baidu (China), Naver (S\u00fcdkorea) und Yandex (Russland) sehr anf\u00e4llig. In der Regel \u00fcberwachen Markeninhaber und Online-Marketing-Agentur diese kleinen Suchmaschinen nur unregelm\u00e4\u00dfig, wenn \u00fcberhaupt. Sie bieten Affiliates daher ausreichend Raum, um das Brand-Keyword in Ruhe zu nutzen und die Provision f\u00fcr den Betrug einzustreichen.<\/p>\n<h4 class=\"bold\" style=\"text-align: justify;\">Cloaking und dynamische Weiterleitungen<\/h4>\n<p class=\"font21\" style=\"text-align: justify;\">Affiliates versuchen, ihre Identit\u00e4t durch Cloaking Domains und dynamische Weiterleitungen zu verschleiern. Somit ist die Identit\u00e4t der Affiliate-Betr\u00fcger weder durch die Webseite noch durch den Quellcode ersichtlich.<\/p>\n<h4 class=\"bold\" style=\"text-align: justify;\">Was k\u00f6nnen Sie dagegen tun?<\/h4>\n<p class=\"font21\" style=\"text-align: justify;\">Das Endergebnis ist: Sogar f\u00fcr Sie als Affiliate-Manager ist es beinahe unm\u00f6glich, den Affiliate-Betrug zu erkennen. Nur eine hochspezialisierte Technologie und \u00dcberwachung k\u00f6nnen solche Verst\u00f6\u00dfe aufdecken.<\/p>\n<p class=\"font21\" style=\"text-align: justify;\">Bei AdPolice verf\u00fcgen wir \u00fcber spezielle Tools und eine langj\u00e4hrige Erfahrung, um Affiliate-Betrug aufzudecken und die Affiliates daf\u00fcr zur Verantwortung zu ziehen. Sie k\u00f6nnen sich entweder daf\u00fcr entscheiden, unter Zuhilfenahme unserer professionellen Software selbst t\u00e4tig zu werden, oder Sie \u00fcberlassen alles uns.<\/p>\n<div class=\"font21\">\n<h4 class=\"bold\" style=\"text-align: justify;\">\u00dcberwachung<\/h4>\n<ul class=\"list adp font21\" style=\"text-align: justify;\">\n<li>Zuverl\u00e4ssige Erkennung auch nachts und am Wochenende<\/li>\n<li>Landesweite Infrastruktur zur Identifizierung regional tempor\u00e4rer eingeschr\u00e4nkter Anzeigenkampagnen<\/li>\n<li>Permanente Abfragen jede Minute<\/li>\n<li>Interne Datenbank von Affiliates mit Aufzeichnungen \u00fcber Affiliate-Betrug weltweit<\/li>\n<li>Abfragen auch in kleinen Suchmaschinen (Ask, Aol, usw.) oder in gro\u00dfen ausl\u00e4ndischen Suchmaschinen (Baidu &#8211; China, Naver &#8211; S\u00fcdkorea, Yandex &#8211; Russland, usw.)<\/li>\n<li>Abfragen von Rechtschreibfehlern<\/li>\n<\/ul>\n<h4 class=\"bold\" style=\"text-align: justify;\">Nachverfolgung<\/h4>\n<ul class=\"list adp font21\">\n<li style=\"text-align: justify;\">Offenlegung der \u00dcbertragungskette inklusive Partner-ID<\/li>\n<li style=\"text-align: justify;\">L\u00f6schen der Cloaking Domain, um den Affiliate zu identifizieren<\/li>\n<li style=\"text-align: justify;\">Berichterstattung an Affiliate Network<\/li>\n<li style=\"text-align: justify;\">Laufende \u00dcberwachung von wiederholtem Betrug<\/li>\n<li style=\"text-align: justify;\">Erfolgsberichterstattung<\/li>\n<\/ul>\n<\/div>\n","protected":false},"excerpt":{"rendered":"<p>&#8222;Ad Hijacking&#8220; &#8211; erkl\u00e4rt von Daniel Karlovi\u0107, CEO AdPolice Quelle: ONLINEMARKETING.DE @ YouTube &nbsp; Auf diese Weise werden Sie von Affiliate-Partnern betrogen Ohne dass Sie es \u00fcberhaupt bemerken Es gibt eine Dunkelziffer von Affiliates, die ihre Partnerschaft missbrauchen. Sie f\u00fchren Kunden in die Irre, die urspr\u00fcnglich nach Ihrer Marke gesucht haben, indem sie Ihr Brand-Keyword [&hellip;]<\/p>\n","protected":false},"author":2,"featured_media":0,"parent":683,"menu_order":1,"comment_status":"closed","ping_status":"closed","template":"template-knowledge.php","meta":{"_acf_changed":false,"_seopress_robots_primary_cat":"","_seopress_titles_title":"Ad Hijacking: Missbrauch durch Affiliates stoppen.","_seopress_titles_desc":"AdPolice BrandWatch ist ein hoch spezialisiertes Tool zur Aufdeckung und zum Stoppen von Affiliate-Betrug. Wir bieten Ihnen Schutz vor Ad Hijacking weltweit!","_seopress_robots_index":"","footnotes":""},"class_list":["post-689","page","type-page","status-publish","hentry"],"acf":[],"_links":{"self":[{"href":"https:\/\/www.adpolice.com\/de\/wp-json\/wp\/v2\/pages\/689","targetHints":{"allow":["GET"]}}],"collection":[{"href":"https:\/\/www.adpolice.com\/de\/wp-json\/wp\/v2\/pages"}],"about":[{"href":"https:\/\/www.adpolice.com\/de\/wp-json\/wp\/v2\/types\/page"}],"author":[{"embeddable":true,"href":"https:\/\/www.adpolice.com\/de\/wp-json\/wp\/v2\/users\/2"}],"replies":[{"embeddable":true,"href":"https:\/\/www.adpolice.com\/de\/wp-json\/wp\/v2\/comments?post=689"}],"version-history":[{"count":34,"href":"https:\/\/www.adpolice.com\/de\/wp-json\/wp\/v2\/pages\/689\/revisions"}],"predecessor-version":[{"id":3566,"href":"https:\/\/www.adpolice.com\/de\/wp-json\/wp\/v2\/pages\/689\/revisions\/3566"}],"up":[{"embeddable":true,"href":"https:\/\/www.adpolice.com\/de\/wp-json\/wp\/v2\/pages\/683"}],"wp:attachment":[{"href":"https:\/\/www.adpolice.com\/de\/wp-json\/wp\/v2\/media?parent=689"}],"curies":[{"name":"wp","href":"https:\/\/api.w.org\/{rel}","templated":true}]}}