{"id":3185,"date":"2022-05-09T12:40:30","date_gmt":"2022-05-09T15:40:30","guid":{"rendered":"https:\/\/www.adpolice.com\/knowledge-2\/ad-hijacking\/"},"modified":"2022-06-21T14:23:25","modified_gmt":"2022-06-21T17:23:25","slug":"ad-hijacking","status":"publish","type":"page","link":"https:\/\/www.adpolice.com\/br\/knowledge\/ad-hijacking\/","title":{"rendered":"Ad Hijacking"},"content":{"rendered":"<h3 class=\"bold\" style=\"text-align: justify;\">\u00c9 ASSIM QUE PARCEIROS E AFILIADOS TRAEM SUA MARCA SEM QUE VOC\u00ca PERCEBA<\/h3>\n<p class=\"font21\" style=\"text-align: justify;\">Existe um n\u00famero muito grande de afiliados que abusam de suas parcerias. Eles usam sua palavra chave de marca e at\u00e9 c\u00f3pias exatas de seu an\u00fancio para desencaminhar clientes que est\u00e3o, em um primeiro momento, procurando por voc\u00ea. Este \u00faltimo tipo de Brand Bidding \u00e9 chamado de sequestro de an\u00fancios. As artimanhas dos afiliados s\u00e3o t\u00e3o bem desenvolvidas que voc\u00ea, como dono de marca ou at\u00e9 como gerente, quase n\u00e3o tem meios para detectar fraudes.<\/p>\n<h3 class=\"bold\" style=\"text-align: justify;\">COMO FUNCIONA O SEQUESTRO DE AN\u00daNCIOS?<\/h3>\n<p class=\"font21\" style=\"text-align: justify;\">Seu parceiro publica uma c\u00f3pia exata do seu an\u00fancio e passa voc\u00ea para tr\u00e1s ao superar o seu lance por apenas alguns centavos. A consequ\u00eancia disso \u00e9 que seu an\u00fancio original deixa de aparecer nos resultados de busca do Google, j\u00e1 que o Google exibe apenas um an\u00fancio para cada URL de display. O afiliado supera seu lance. Todos os clientes que procuram por sua palavra-chave de marca clicam no an\u00fancio sequestrado e ser\u00e3o guiados pelos canais do seu afiliado. Suas impress\u00f5es de an\u00fancio caem drasticamente.<\/p>\n<p style=\"text-align: justify;\">\n<p class=\"font21\" style=\"text-align: justify;\">O resultado final disso \u00e9 que voc\u00ea acaba por pagar ao seu afiliado uma comiss\u00e3o n\u00e3o justificada pelos consumidores que deveriam, originalmente, comprar diretamente de voc\u00ea. Suas margens diminuem significativamente e voc\u00ea perde dinheiro sem nem perceber.<\/p>\n<h3 class=\"bold\" style=\"text-align: justify;\">POR QUE \u00c9 QUASE IMPOSS\u00cdVEL PERCEBER A FRAUDE &#8211; MESMO SENDO GERENTE?<\/h3>\n<p class=\"font21\" style=\"text-align: justify;\">Quando n\u00f3s criamos a AdPolice em 2008, os afiliados mal intencionados n\u00e3o tinham experi\u00eancia e normalmente deixavam rastros percept\u00edveis aos olhos dos donos de marca e gerentes.<\/p>\n<p style=\"text-align: justify;\"><img loading=\"lazy\" decoding=\"async\" class=\"wp-image-3317 alignright\" src=\"https:\/\/www.adpolice.com\/wp-content\/uploads\/2022\/06\/hijacking_crop.jpeg\" alt=\"\" width=\"457\" height=\"136\" srcset=\"https:\/\/www.adpolice.com\/wp-content\/uploads\/2022\/06\/hijacking_crop.jpeg 839w, https:\/\/www.adpolice.com\/wp-content\/uploads\/2022\/06\/hijacking_crop-300x89.jpeg 300w, https:\/\/www.adpolice.com\/wp-content\/uploads\/2022\/06\/hijacking_crop-768x229.jpeg 768w\" sizes=\"auto, (max-width: 457px) 100vw, 457px\" \/><\/p>\n<p class=\"font21\" style=\"text-align: justify;\">Todavia, isso mudou e hoje afiliados s\u00e3o muito mais sofisticados e aplicam t\u00e1ticas altamente especializadas em seus processos fraudulentos. Existem apenas dois pequenos sintomas que permitem a voc\u00ea perceber que est\u00e1 sofrendo com a fraude de afiliados.<\/p>\n<div style=\"text-align: justify;\"><\/div>\n<p style=\"text-align: justify;\">1. AS IMPRESS\u00d5ES DOS SEUS AN\u00daNCIOS DIMINU\u00cdRAM SEM RAZ\u00c3O APARENTE?<\/p>\n<div style=\"text-align: justify;\">\n<p class=\"font21\">Se um an\u00fancio copiado substitui seu an\u00fancio original na p\u00e1gina de resultados, suas impress\u00f5es cair\u00e3o ou at\u00e9 desaparecer\u00e3o. Uma queda de visualiza\u00e7\u00f5es do seu anuncio no Google Analytics, por\u00e9m, pode ser uma pista de fraude. Infelizmente, afiliados aprenderam que \u00e9 mais inteligente n\u00e3o causar um grande impacto roubando todas as visualiza\u00e7\u00f5es e pegar apenas pequenas porcentagens aqui e al\u00ed. Dessa forma eles conseguem voar baixo, mas ainda lucrar bastante.<\/p>\n<h4 class=\"bold\">2. ALGUM AFILIADO TEVE VENDAS EXTRAORDINARIAMENTE ALTAS?<\/h4>\n<p class=\"font21\">Altas significativas em taxas de convers\u00e3o de afiliados tamb\u00e9m podem ser indicadores de fraude, especialmente se a curva do gr\u00e1fico apresenta picos em hor\u00e1rios estranhos (\u00e0 noite ou aos fins de semana). \u00c9 comum que afiliados usem hor\u00e1rios em que ningu\u00e9m est\u00e1 no escrit\u00f3rio. Mas, aqui tamb\u00e9m, os fraudadores ganharam experi\u00eancia ao longo do tempo e se apossam apenas de uma pequena parcela das suas vendas, gerando a maior parte de sua renda atrav\u00e9s de meios legais. Isso faz com que eles sejam menos propensos \u00e0 um flagrante.<\/p>\n<\/div>\n<h3 class=\"bold\" style=\"text-align: justify;\">AS T\u00c9CNICAS DE DISFARCE MAIS BEM SUCEDIDAS DOS FRAUDADORES<\/h3>\n<p class=\"font21\" style=\"text-align: justify;\">Existem muitos meios diferentes pelos quais os afiliados se mant\u00e9m escondidos. A pior parte \u00e9 que, na maioria dos casos, eles combinam diversas t\u00e9cnicas. Isso faz com que seja quase imposs\u00edvel para n\u00e3o-especialistas, detect\u00e1-los.<\/p>\n<h4 class=\"bold\" style=\"text-align: justify;\">GEO-TARGETING<\/h4>\n<p class=\"font21\" style=\"text-align: justify;\">Afiliados colocam seus an\u00fancios ileg\u00edtimos para todos os lugares, com a exce\u00e7\u00e3o dos locais controlados pela pr\u00f3pria marca ou por sua ag\u00eancia de marketing digital. Isso faz com que a fraude seja invis\u00edvel para dono da marca ou ao gerente.<\/p>\n<h4 class=\"bold\" style=\"text-align: justify;\">RESTRI\u00c7\u00d5ES TEMPOR\u00c1RIAS<\/h4>\n<p class=\"font21\" style=\"text-align: justify;\">An\u00fancios ileg\u00edtimos que s\u00e3o exibidos apenas \u00e0 noite ou aos fins de semana, quando os supervisores da marca ou a ag\u00eancia respons\u00e1vel t\u00eam menos probabilidade de not\u00e1-los.<\/p>\n<h4 class=\"bold\" style=\"text-align: justify;\">ERROS DE GRAFIA<\/h4>\n<p class=\"font21\" style=\"text-align: justify;\">Erros de escrita s\u00e3o comuns entre os internautas e uma t\u00e9cnica bem vinda para os filiados que desejam usar sua palavra-chave de marca em formatos alternativos para evitar flagrantes. Ainda assim, eles est\u00e3o roubando seu tr\u00e1fego e coletando sua comiss\u00e3o.<\/p>\n<h4 class=\"bold\" style=\"text-align: justify;\">MECANISMOS DE BUSCA SECUND\u00c1RIOS<\/h4>\n<p class=\"font21\" style=\"text-align: justify;\">Claramente o Google \u00e9 o mais importante mecanismo de busca em todo o mundo. \u00c9 por isso que marcas se focam nele quase que exclusivamente. Seus afiliados, por\u00e9m, n\u00e3o. Especialmente quando se trata de fraudes, pequenos mecanismos de busca (como Yahoo, Ask, Bing, e AOL) e mecanismos de busca estrangeiros (como Baidu &#8211; China, Naver &#8211; South Korea, and Yandex &#8211; Russia) s\u00e3o muito vulner\u00e1veis. Normalmente o dono de marca e a ag\u00eancia de marketing digital respons\u00e1vel monitoram essas plataformas apenas esporadicamente, quando o fazem. Gra\u00e7as \u00e0 isso, afiliados fraudadores usam as palavras-chave de marca de maneira discreta e coletam comiss\u00f5es desta forma.<\/p>\n<h4 class=\"bold\" style=\"text-align: justify;\">DISFARCES E REDIRECIONAMENTOS DIN\u00c2MICOS<\/h4>\n<p class=\"font21\" style=\"text-align: justify;\">Afiliados tentam esconder suas identidades atrav\u00e9s de dom\u00ednios disfar\u00e7ados e redirecionamentos din\u00e2micos. Desta forma, o website e at\u00e9 o c\u00f3digo fonte n\u00e3o revelam a identidade do afiliado fraudador.<\/p>\n<h4 class=\"bold\" style=\"text-align: justify;\">O QUE VOC\u00ca PODE FAZER SOBRE ISSO?<\/h4>\n<p class=\"font21\" style=\"text-align: justify;\">A moral da hist\u00f3ria \u00e9: \u00c9 quase imposs\u00edvel, at\u00e9 para voc\u00ea, como gerente, identificar as fraudes de afiliados. Apenas uma tecnologia especializada e monitoramento constante podem revelar essas infra\u00e7\u00f5es.<\/p>\n<p class=\"font21\" style=\"text-align: justify;\">Na AdPolice, possu\u00edmos ferramentas especiais e grande experi\u00eancia em expor fraude de afiliados e responsabilizar os fraudadores por seus atos. Voc\u00ea pode escolher entre tomar uma atitude com a ajuda de nossos softwares profissionais, ou deixar todo o trabalho pesado conosco.<\/p>\n<div class=\"font21\">\n<h4 class=\"bold\" style=\"text-align: justify;\">MONITORAMENTO<\/h4>\n<ul class=\"list adp font21\" style=\"text-align: justify;\">\n<li>Detec\u00e7\u00e3o confi\u00e1vel, tamb\u00e9m \u00e0 noite e aos fins de semana<\/li>\n<li>Infraestrutura nacional para identifica\u00e7\u00e3o de campanhas regionais temporariamente restritas<\/li>\n<li>Consultas a cada minuto<\/li>\n<li>Base de dados interna de afiliados com registro internacional de fraudes<\/li>\n<li>Consultas aos mecanismos de busca secund\u00e1rios (Ask, Aol, etc) e estrangeiros (Baidu &#8211; China, Naver &#8211; South Korea, Yandex \u2013 Russia, etc.)<\/li>\n<li>Consultas incluem erros de grafia<\/li>\n<\/ul>\n<h4 class=\"bold\" style=\"text-align: justify;\">Follow-Up<\/h4>\n<ul class=\"list adp font21\">\n<li style=\"text-align: justify;\">Divulga\u00e7\u00e3o da cadeia de transfer\u00eancia, incluindo identifica\u00e7\u00e3o do afiliado<\/li>\n<li style=\"text-align: justify;\">Liquida\u00e7\u00e3o do dom\u00ednio disfar\u00e7ado para identificar o afiliado<\/li>\n<li style=\"text-align: justify;\">Apresenta\u00e7\u00e3o de relat\u00f3rio \u00e0s redes do afiliado<\/li>\n<li style=\"text-align: justify;\">Monitoramento de fraudes repetidas<\/li>\n<li style=\"text-align: justify;\">Relat\u00f3rio de sucesso<\/li>\n<\/ul>\n<\/div>\n","protected":false},"excerpt":{"rendered":"<p>\u00c9 ASSIM QUE PARCEIROS E AFILIADOS TRAEM SUA MARCA SEM QUE VOC\u00ca PERCEBA Existe um n\u00famero muito grande de afiliados que abusam de suas parcerias. Eles usam sua palavra chave de marca e at\u00e9 c\u00f3pias exatas de seu an\u00fancio para desencaminhar clientes que est\u00e3o, em um primeiro momento, procurando por voc\u00ea. Este \u00faltimo tipo de [&hellip;]<\/p>\n","protected":false},"author":2,"featured_media":0,"parent":3181,"menu_order":1,"comment_status":"closed","ping_status":"closed","template":"template-knowledge.php","meta":{"_acf_changed":false,"_seopress_robots_primary_cat":"","_seopress_titles_title":"Entenda sobre sequestro de an\u00fancios","_seopress_titles_desc":"Existe um n\u00famero muito grande de afiliados que abusam de suas parcerias, usam sua palavra chave de marca e at\u00e9 c\u00f3pias de seu an\u00fancio.","_seopress_robots_index":"","footnotes":""},"class_list":["post-3185","page","type-page","status-publish","hentry"],"acf":[],"_links":{"self":[{"href":"https:\/\/www.adpolice.com\/br\/wp-json\/wp\/v2\/pages\/3185","targetHints":{"allow":["GET"]}}],"collection":[{"href":"https:\/\/www.adpolice.com\/br\/wp-json\/wp\/v2\/pages"}],"about":[{"href":"https:\/\/www.adpolice.com\/br\/wp-json\/wp\/v2\/types\/page"}],"author":[{"embeddable":true,"href":"https:\/\/www.adpolice.com\/br\/wp-json\/wp\/v2\/users\/2"}],"replies":[{"embeddable":true,"href":"https:\/\/www.adpolice.com\/br\/wp-json\/wp\/v2\/comments?post=3185"}],"version-history":[{"count":6,"href":"https:\/\/www.adpolice.com\/br\/wp-json\/wp\/v2\/pages\/3185\/revisions"}],"predecessor-version":[{"id":3338,"href":"https:\/\/www.adpolice.com\/br\/wp-json\/wp\/v2\/pages\/3185\/revisions\/3338"}],"up":[{"embeddable":true,"href":"https:\/\/www.adpolice.com\/br\/wp-json\/wp\/v2\/pages\/3181"}],"wp:attachment":[{"href":"https:\/\/www.adpolice.com\/br\/wp-json\/wp\/v2\/media?parent=3185"}],"curies":[{"name":"wp","href":"https:\/\/api.w.org\/{rel}","templated":true}]}}