{"id":1344,"date":"2021-08-31T01:25:22","date_gmt":"2021-08-30T23:25:22","guid":{"rendered":"https:\/\/www.adpolice.com\/?page_id=1344"},"modified":"2021-08-31T01:36:09","modified_gmt":"2021-08-30T23:36:09","slug":"policy","status":"publish","type":"page","link":"https:\/\/www.adpolice.com\/br\/policy\/","title":{"rendered":"Policy"},"content":{"rendered":"<h4 class=\"bold\">1. GERAL<\/h4>\n<p>O uso deste site \u00e9 poss\u00edvel sem a necessidade de especifica\u00e7\u00e3o de dados pessoais. Quando acessando as p\u00e1ginas individuais, apenas os dados de acesso (por exemplo o tipo de navegador e hora do acesso) s\u00e3o transmitidos para nossos servidores. Estes dados de acesso n\u00e3o cont\u00e9m nenhuma informa\u00e7\u00e3o com refer\u00eancia pessoal e n\u00e3o permitem que conclus\u00f5es sejam relacionadas \u00e0 uma pessoa identific\u00e1vel de qualquer forma. N\u00e3o s\u00e3o criados perfis de usu\u00e1rios em particular atrav\u00e9s dos dados de acesso recolhidos. Eles s\u00e3o utilizados apenas para avalia\u00e7\u00f5es estat\u00edsticas e otimiza\u00e7\u00f5es do nosso website.<\/p>\n<h4 class=\"bold\">2. COLETA E USO DE DADOS PESSOAIS<\/h4>\n<p>A coleta e utiliza\u00e7\u00e3o de dados pessoais s\u00f3 ocorre se voc\u00ea voluntariamente entrar em contato conosco. Para isso \u00e9 requerido que voc\u00ea use a \u00e1rea de login. Para este prop\u00f3sito, n\u00f3s coletamos e usamos seu nome, endere\u00e7o de e-mail e empresa. Em adendo, n\u00e3o coletamos outros dados pessoais, a menos que sejamos obrigados a faz\u00ea-lo em virtude de uma decis\u00e3o judicial ou por lei. A coleta de dados pessoais para uso das ofertas supracitadas se estende somente at\u00e9 o necess\u00e1rio para a execu\u00e7\u00e3o do contrato ou para a provis\u00e3o do servi\u00e7o. Ap\u00f3s a completude do contrato, as informa\u00e7\u00f5es pessoais que voc\u00ea nos ofereceu ser\u00e3o bloqueadas ou deletadas, impedindo utiliza\u00e7\u00e3o futura. Isso acontece sem levar em conta as leis fiscais e regulamenta\u00e7\u00f5es de com\u00e9rcio, que podem requerer um tempo maior de arquivo.<\/p>\n<h4 class=\"bold\">3. TRANSFER\u00caNCIA DE DADOS PESSOAIS<\/h4>\n<p>A transfer\u00eancia de dados pessoais acontece sem consenso expl\u00edcito ou separado, apenas na extens\u00e3o necess\u00e1ria para o processamento do contrato. Para o prop\u00f3sito de processamento de pagamento, n\u00f3s passaremos adiante exclusivamente os dados necess\u00e1rios e seus dados de contato para a respectiva institui\u00e7\u00e3o de cr\u00e9dito ou para o provedor de servi\u00e7os de pagamento. No caso de envio de documentos por e-mail, n\u00f3s tamb\u00e9m passamos os dados pessoais necess\u00e1rios para as empresas de log\u00edsticas encarregadas pelo servi\u00e7o. Nenhuma transfer\u00eancia de dados pessoais a terceiros acontece, a menos que sejamos obrigados por decis\u00e3o judicial ou em virtude da lei.<\/p>\n<h4 class=\"bold\">4. INFORMA\u00c7\u00c3O, MODIFICA\u00c7\u00c3O E REVOGA\u00c7\u00c3O<\/h4>\n<p>Voc\u00ea sempre receber\u00e1 notifica\u00e7\u00f5es sobre seus dados pessoais armazenados por n\u00f3s, livre de qualquer custo. Possivelmente voc\u00ea ter\u00e1 direito a uma corre\u00e7\u00e3o, bloqueio ou dele\u00e7\u00e3o de seus dados pessoais, de acordo com o Ato Federal de Prote\u00e7\u00e3o de Dados (Federal Data Protection Act). Voc\u00ea tamb\u00e9m pode contestar o uso de suas informa\u00e7\u00f5es pessoalmente identific\u00e1veis futuramente armazenadas. Em todos os casos, por favor mande seu requerimento por escrito ou atrav\u00e9s de um e-mail para: AdPolice GmbH, Semperstra\u00dfe 24, 22303 Hamburg, <a href=\"mailto: info@adpolice.com\">info(at)adpolice.com<\/a>.<\/p>\n<h4 class=\"bold\">5. GOOGLE ANALYTICS<\/h4>\n<p>Para otimizar nossos websites aos seus interesses, n\u00f3s utilizamos o Google Analytics: uma ferramenta de servi\u00e7os de an\u00e1lise web fornecido pelo Google Inc. (\u201cGoogle\u201d). O Google Analytics usa os chamados \u201ccookies\u201d, arquivos de texto que s\u00e3o armazenados em seu computador e que permitem a an\u00e1lise do seu uso do site. A informa\u00e7\u00e3o gerada pelo Cookie sobre seu uso deste website \u00e9 transferida para um servidor do Google nos Estados Unidos e armazenada l\u00e1. O Google usar\u00e1 esta informa\u00e7\u00e3o para avaliar seu uso do website, compilar relat\u00f3rios de atividade de usu\u00e1rio para operadores do site e para prover outros servi\u00e7os relacionados ao uso da p\u00e1gina. O Google tamb\u00e9m pode transferir esta informa\u00e7\u00e3o para terceiros quando for requerido por lei ou quando os terceiros precisarem processar informa\u00e7\u00f5es em nome do Google. O Google n\u00e3o vai associar seu endere\u00e7o IP com qualquer outra informa\u00e7\u00e3o recolhida por eles em caso algum. Voc\u00ea pode impedir a instala\u00e7\u00e3o de cookies ao configurar seu navegador para isso. Entretanto, n\u00f3s temos que apontar que, neste caso, voc\u00ea n\u00e3o ser\u00e1 capaz de utilizar todas as fun\u00e7\u00f5es deste site. Ao usar este website, voc\u00ea concorda com o processamento dos seus dados pelo Google, nas linhas gerais descritas acima e pelos motivos supracitados. Este website sempre usa o Google Analytics com a extens\u00e3o &#8220;_anonymizeIp ()&#8221;, para que os endere\u00e7os de IP sejam processados somente em uma vers\u00e3o abreviada, evitando quaisquer rela\u00e7\u00f5es diretas. Isso garante que nenhum dado de endere\u00e7o de IP detalhado seja transmitido por voc\u00ea durante sua visita ao website. Se voc\u00ea n\u00e3o quer que o Google receba dados de seu navegador enquanto voc\u00ea acessa a internet, voc\u00ea pode achar o link para a solu\u00e7\u00e3o de opt-out aqui (<a href=\"\/\/tools.google.com\/dlpage\/gaoptout?hl=en\" target=\"_blank\" rel=\"noopener\">https:\/\/tools.google.com\/dlpage\/gaoptout?hl=en<\/a>). Este plugin impede que seu navegador solicite c\u00f3digos do Google Analytics a fim de fazer com que o Google n\u00e3o receba nenhum dado quando determinada p\u00e1gina for acessada. O Plugin est\u00e1 dispon\u00edvel para diferentes tipos de navegador. De acordo com o Google, o navegador bloqueia o script do Google Analytics logo ap\u00f3s a instala\u00e7\u00e3o. Se n\u00e3o existe uma vers\u00e3o para seu navegador, voc\u00ea pode prevenir-se da coleta de seus dados clicando no link a seguir: Desabilitar Google Analytics. Isso cria o chamado cookie de opt-out, que previne coletas de dados futuras quando voc\u00ea visitar este website. Para o funcionamento apropriado do cookie de opt-out, seu navegador deve estar configurado para que este cookie seja permanentemente armazenado. Para mais informa\u00e7\u00f5es sobre o os termos de servi\u00e7o e privacidade do Google, por favor visite <a href=\"\/\/www.google.com\/analytics\/terms\/en.html\" target=\"_blank\" rel=\"noopener\">https:\/\/www.google.com\/analytics\/terms\/en.html<\/a> ou <a href=\"\/\/www.google.com\/intl\/en\/analytics\/privacyoverview.html\" target=\"_blank\" rel=\"noopener\">https:\/\/www.google.com\/intl\/en\/analytics\/privacyoverview.html<\/a><\/p>\n<h4 class=\"bold\">6. COOKIES<\/h4>\n<p>Para fazer sua visita ao nosso site mais atrativa e para habilitar certas fun\u00e7\u00f5es, os chamados \u201ccookies\u201d s\u00e3o utilizados nestas p\u00e1ginas. Eles s\u00e3o pequenos arquivos de texto, armazenados no seu computador. Depois de uma sess\u00e3o de navega\u00e7\u00e3o, a maioria dos cookies usados \u00e9 deletada automaticamente do seu disco r\u00edgido (\u201csession cookies\u201d). Todavia, os chamados \u201ccookies persistentes\u201d ficam em seu computador e permitem que ele seja reconhecido durante sua pr\u00f3xima visita ao site. Voc\u00ea tem a possibilidade de impedir o salvamento desses cookies atrav\u00e9s das configura\u00e7\u00f5es do seu navegador, onde, por\u00e9m, a funcionalidade do site pode ficar restrita.<\/p>\n<h4 class=\"bold\">7. ESCOPO<\/h4>\n<p>Este termo de privacidade se aplica \u00e0 todas as p\u00e1ginas do adpolice.com, que se encontra em nosso servidor. Ele n\u00e3o se aplica a qualquer outro site de terceiros.<\/p>\n","protected":false},"excerpt":{"rendered":"<p>1. GERAL O uso deste site \u00e9 poss\u00edvel sem a necessidade de especifica\u00e7\u00e3o de dados pessoais. Quando acessando as p\u00e1ginas individuais, apenas os dados de acesso (por exemplo o tipo de navegador e hora do acesso) s\u00e3o transmitidos para nossos servidores. Estes dados de acesso n\u00e3o cont\u00e9m nenhuma informa\u00e7\u00e3o com refer\u00eancia pessoal e n\u00e3o permitem [&hellip;]<\/p>\n","protected":false},"author":2,"featured_media":0,"parent":0,"menu_order":0,"comment_status":"closed","ping_status":"closed","template":"template-policy.php","meta":{"_acf_changed":false,"_seopress_robots_primary_cat":"","_seopress_titles_title":"","_seopress_titles_desc":"","_seopress_robots_index":"","footnotes":""},"class_list":["post-1344","page","type-page","status-publish","hentry"],"acf":[],"_links":{"self":[{"href":"https:\/\/www.adpolice.com\/br\/wp-json\/wp\/v2\/pages\/1344","targetHints":{"allow":["GET"]}}],"collection":[{"href":"https:\/\/www.adpolice.com\/br\/wp-json\/wp\/v2\/pages"}],"about":[{"href":"https:\/\/www.adpolice.com\/br\/wp-json\/wp\/v2\/types\/page"}],"author":[{"embeddable":true,"href":"https:\/\/www.adpolice.com\/br\/wp-json\/wp\/v2\/users\/2"}],"replies":[{"embeddable":true,"href":"https:\/\/www.adpolice.com\/br\/wp-json\/wp\/v2\/comments?post=1344"}],"version-history":[{"count":2,"href":"https:\/\/www.adpolice.com\/br\/wp-json\/wp\/v2\/pages\/1344\/revisions"}],"predecessor-version":[{"id":1383,"href":"https:\/\/www.adpolice.com\/br\/wp-json\/wp\/v2\/pages\/1344\/revisions\/1383"}],"wp:attachment":[{"href":"https:\/\/www.adpolice.com\/br\/wp-json\/wp\/v2\/media?parent=1344"}],"curies":[{"name":"wp","href":"https:\/\/api.w.org\/{rel}","templated":true}]}}