{"id":1280,"date":"2021-08-30T17:09:30","date_gmt":"2021-08-30T20:09:30","guid":{"rendered":"https:\/\/www.adpolice.com\/?page_id=1280"},"modified":"2022-05-27T15:41:07","modified_gmt":"2022-05-27T18:41:07","slug":"about-us","status":"publish","type":"page","link":"https:\/\/www.adpolice.com\/br\/about-us\/","title":{"rendered":"About Us"},"content":{"rendered":"","protected":false},"excerpt":{"rendered":"","protected":false},"author":2,"featured_media":0,"parent":0,"menu_order":0,"comment_status":"closed","ping_status":"closed","template":"template-about-us.php","meta":{"_acf_changed":false,"_seopress_robots_primary_cat":"","_seopress_titles_title":"Sobre N\u00f3s","_seopress_titles_desc":"Protegemos a sua marca no mundo digital, contrate e impe\u00e7a a\u00e7\u00f5es desleais de concorrentes, afiliados e revendedores!","_seopress_robots_index":"","footnotes":""},"class_list":["post-1280","page","type-page","status-publish","hentry"],"acf":[],"_links":{"self":[{"href":"https:\/\/www.adpolice.com\/br\/wp-json\/wp\/v2\/pages\/1280","targetHints":{"allow":["GET"]}}],"collection":[{"href":"https:\/\/www.adpolice.com\/br\/wp-json\/wp\/v2\/pages"}],"about":[{"href":"https:\/\/www.adpolice.com\/br\/wp-json\/wp\/v2\/types\/page"}],"author":[{"embeddable":true,"href":"https:\/\/www.adpolice.com\/br\/wp-json\/wp\/v2\/users\/2"}],"replies":[{"embeddable":true,"href":"https:\/\/www.adpolice.com\/br\/wp-json\/wp\/v2\/comments?post=1280"}],"version-history":[{"count":6,"href":"https:\/\/www.adpolice.com\/br\/wp-json\/wp\/v2\/pages\/1280\/revisions"}],"predecessor-version":[{"id":3259,"href":"https:\/\/www.adpolice.com\/br\/wp-json\/wp\/v2\/pages\/1280\/revisions\/3259"}],"wp:attachment":[{"href":"https:\/\/www.adpolice.com\/br\/wp-json\/wp\/v2\/media?parent=1280"}],"curies":[{"name":"wp","href":"https:\/\/api.w.org\/{rel}","templated":true}]}}