{"id":1246,"date":"2021-03-03T14:16:30","date_gmt":"2021-03-03T13:16:30","guid":{"rendered":"https:\/\/www.adpolice.com\/home-2\/"},"modified":"2023-06-07T06:48:03","modified_gmt":"2023-06-07T09:48:03","slug":"adpolice","status":"publish","type":"page","link":"https:\/\/www.adpolice.com\/br\/","title":{"rendered":"Home"},"content":{"rendered":"","protected":false},"excerpt":{"rendered":"","protected":false},"author":2,"featured_media":0,"parent":0,"menu_order":0,"comment_status":"closed","ping_status":"closed","template":"template-home.php","meta":{"_acf_changed":false,"_seopress_robots_primary_cat":"","_seopress_titles_title":"Seguran\u00e7a para a sua marca no mundo digital: proteja-se!","_seopress_titles_desc":"Protegemos a sua marca no mundo digital, contrate e impe\u00e7a a\u00e7\u00f5es desleais de concorrentes, afiliados e revendedores.","_seopress_robots_index":"","footnotes":""},"class_list":["post-1246","page","type-page","status-publish","hentry"],"acf":[],"_links":{"self":[{"href":"https:\/\/www.adpolice.com\/br\/wp-json\/wp\/v2\/pages\/1246","targetHints":{"allow":["GET"]}}],"collection":[{"href":"https:\/\/www.adpolice.com\/br\/wp-json\/wp\/v2\/pages"}],"about":[{"href":"https:\/\/www.adpolice.com\/br\/wp-json\/wp\/v2\/types\/page"}],"author":[{"embeddable":true,"href":"https:\/\/www.adpolice.com\/br\/wp-json\/wp\/v2\/users\/2"}],"replies":[{"embeddable":true,"href":"https:\/\/www.adpolice.com\/br\/wp-json\/wp\/v2\/comments?post=1246"}],"version-history":[{"count":14,"href":"https:\/\/www.adpolice.com\/br\/wp-json\/wp\/v2\/pages\/1246\/revisions"}],"predecessor-version":[{"id":3556,"href":"https:\/\/www.adpolice.com\/br\/wp-json\/wp\/v2\/pages\/1246\/revisions\/3556"}],"wp:attachment":[{"href":"https:\/\/www.adpolice.com\/br\/wp-json\/wp\/v2\/media?parent=1246"}],"curies":[{"name":"wp","href":"https:\/\/api.w.org\/{rel}","templated":true}]}}